{"id":71,"date":"2020-06-23T11:05:40","date_gmt":"2020-06-23T09:05:40","guid":{"rendered":"http:\/\/support.superar.eu\/hu\/?post_type=product&#038;p=71"},"modified":"2021-03-16T11:41:47","modified_gmt":"2021-03-16T10:41:47","slug":"free-donation-once","status":"publish","type":"product","link":"https:\/\/support.superar.eu\/hu\/produkt\/free-donation-once\/","title":{"rendered":"Tetsz\u0151leges adom\u00e1ny (egyszeri)"},"content":{"rendered":"<p>T\u00e1mogassa a Superar k\u00fcldet\u00e9s\u00e9t egy egyszeri, tetsz\u0151leges \u00f6sszeggel!<\/p>\n","protected":false},"excerpt":{"rendered":"<p>T\u00e1mogassa a Superar k\u00fcldet\u00e9s\u00e9t egy egyszeri, tetsz\u0151leges \u00f6sszeggel!<\/p>\n","protected":false},"featured_media":57,"comment_status":"closed","ping_status":"closed","template":"","meta":{"inline_featured_image":false,"site-sidebar-layout":"default","site-content-layout":"default","ast-main-header-display":"","ast-hfb-above-header-display":"","ast-hfb-below-header-display":"","ast-hfb-mobile-header-display":"","site-post-title":"","ast-breadcrumbs-content":"","ast-featured-img":"","footer-sml-layout":"","theme-transparent-header-meta":"default","adv-header-id-meta":"","stick-header-meta":"","header-above-stick-meta":"","header-main-stick-meta":"","header-below-stick-meta":""},"product_cat":[15],"product_tag":[],"_links":{"self":[{"href":"https:\/\/support.superar.eu\/hu\/wp-json\/wp\/v2\/product\/71"}],"collection":[{"href":"https:\/\/support.superar.eu\/hu\/wp-json\/wp\/v2\/product"}],"about":[{"href":"https:\/\/support.superar.eu\/hu\/wp-json\/wp\/v2\/types\/product"}],"replies":[{"embeddable":true,"href":"https:\/\/support.superar.eu\/hu\/wp-json\/wp\/v2\/comments?post=71"}],"wp:featuredmedia":[{"embeddable":true,"href":"https:\/\/support.superar.eu\/hu\/wp-json\/wp\/v2\/media\/57"}],"wp:attachment":[{"href":"https:\/\/support.superar.eu\/hu\/wp-json\/wp\/v2\/media?parent=71"}],"wp:term":[{"taxonomy":"product_cat","embeddable":true,"href":"https:\/\/support.superar.eu\/hu\/wp-json\/wp\/v2\/product_cat?post=71"},{"taxonomy":"product_tag","embeddable":true,"href":"https:\/\/support.superar.eu\/hu\/wp-json\/wp\/v2\/product_tag?post=71"}],"curies":[{"name":"wp","href":"https:\/\/api.w.org\/{rel}","templated":true}]}}