{"id":50,"date":"2020-06-12T11:16:05","date_gmt":"2020-06-12T09:16:05","guid":{"rendered":"http:\/\/support.superar.eu\/hu\/?post_type=product&#038;p=50"},"modified":"2021-05-31T11:16:03","modified_gmt":"2021-05-31T09:16:03","slug":"school-place-once","status":"publish","type":"product","link":"https:\/\/support.superar.eu\/hu\/produkt\/school-place-once\/","title":{"rendered":"Hazai fell\u00e9p\u00e9si lehet\u0151s\u00e9g, utaz\u00e1s (egyszeri)"},"content":{"rendered":"<p style=\"background: white\"><span style=\"font-size: 11.5pt;font-family: 'Segoe UI',sans-serif;color: #3a3a3a;background: white\">10.000 Ft-tal egy eg\u00e9sz Superar oszt\u00e1ly sz\u00e1m\u00e1ra lehet\u0151v\u00e9 teszi, hogy elutazzon az iskol\u00e1n k\u00edv\u00fcli koncertek helysz\u00edneire.<\/span><\/p>\n","protected":false},"excerpt":{"rendered":"<p>10000 Ft-tal hozz\u00e1j\u00e1rul egy\u00a0 Superar oszt\u00e1ly vid\u00e9ki koncertj\u00e9nek k\u00f6lts\u00e9geihez.<\/p>\n","protected":false},"featured_media":51,"comment_status":"closed","ping_status":"closed","template":"","meta":{"inline_featured_image":false,"site-sidebar-layout":"default","site-content-layout":"default","ast-main-header-display":"","ast-hfb-above-header-display":"","ast-hfb-below-header-display":"","ast-hfb-mobile-header-display":"","site-post-title":"","ast-breadcrumbs-content":"","ast-featured-img":"","footer-sml-layout":"","theme-transparent-header-meta":"default","adv-header-id-meta":"","stick-header-meta":"","header-above-stick-meta":"","header-main-stick-meta":"","header-below-stick-meta":""},"product_cat":[15],"product_tag":[],"_links":{"self":[{"href":"https:\/\/support.superar.eu\/hu\/wp-json\/wp\/v2\/product\/50"}],"collection":[{"href":"https:\/\/support.superar.eu\/hu\/wp-json\/wp\/v2\/product"}],"about":[{"href":"https:\/\/support.superar.eu\/hu\/wp-json\/wp\/v2\/types\/product"}],"replies":[{"embeddable":true,"href":"https:\/\/support.superar.eu\/hu\/wp-json\/wp\/v2\/comments?post=50"}],"wp:featuredmedia":[{"embeddable":true,"href":"https:\/\/support.superar.eu\/hu\/wp-json\/wp\/v2\/media\/51"}],"wp:attachment":[{"href":"https:\/\/support.superar.eu\/hu\/wp-json\/wp\/v2\/media?parent=50"}],"wp:term":[{"taxonomy":"product_cat","embeddable":true,"href":"https:\/\/support.superar.eu\/hu\/wp-json\/wp\/v2\/product_cat?post=50"},{"taxonomy":"product_tag","embeddable":true,"href":"https:\/\/support.superar.eu\/hu\/wp-json\/wp\/v2\/product_tag?post=50"}],"curies":[{"name":"wp","href":"https:\/\/api.w.org\/{rel}","templated":true}]}}