{"id":48,"date":"2020-06-12T11:07:45","date_gmt":"2020-06-12T09:07:45","guid":{"rendered":"http:\/\/support.superar.eu\/hu\/?post_type=product&#038;p=48"},"modified":"2021-05-31T11:18:09","modified_gmt":"2021-05-31T09:18:09","slug":"instrument-once","status":"publish","type":"product","link":"https:\/\/support.superar.eu\/hu\/produkt\/instrument-once\/","title":{"rendered":"Superar iskolai program (egyszeri)"},"content":{"rendered":"<p style=\"background: white\"><span style=\"font-size: 11.5pt;font-family: 'Segoe UI',sans-serif;color: #3a3a3a;background: white\">5000 Ft-tal hozz\u00e1j\u00e1rul egy di\u00e1kunk havi 16 iskolai Superar \u00f3r\u00e1j\u00e1nak k\u00f6lts\u00e9geihez.<\/span><\/p>\n","protected":false},"excerpt":{"rendered":"<p>5000 Ft-tal hozz\u00e1j\u00e1rul\u00a01 gyermek heti 4 Superar pr\u00f3b\u00e1j\u00e1nak k\u00f6lts\u00e9geihez.<\/p>\n","protected":false},"featured_media":27,"comment_status":"closed","ping_status":"closed","template":"","meta":{"inline_featured_image":false,"site-sidebar-layout":"default","site-content-layout":"default","ast-main-header-display":"","ast-hfb-above-header-display":"","ast-hfb-below-header-display":"","ast-hfb-mobile-header-display":"","site-post-title":"","ast-breadcrumbs-content":"","ast-featured-img":"","footer-sml-layout":"","theme-transparent-header-meta":"default","adv-header-id-meta":"","stick-header-meta":"","header-above-stick-meta":"","header-main-stick-meta":"","header-below-stick-meta":""},"product_cat":[15],"product_tag":[],"_links":{"self":[{"href":"https:\/\/support.superar.eu\/hu\/wp-json\/wp\/v2\/product\/48"}],"collection":[{"href":"https:\/\/support.superar.eu\/hu\/wp-json\/wp\/v2\/product"}],"about":[{"href":"https:\/\/support.superar.eu\/hu\/wp-json\/wp\/v2\/types\/product"}],"replies":[{"embeddable":true,"href":"https:\/\/support.superar.eu\/hu\/wp-json\/wp\/v2\/comments?post=48"}],"wp:featuredmedia":[{"embeddable":true,"href":"https:\/\/support.superar.eu\/hu\/wp-json\/wp\/v2\/media\/27"}],"wp:attachment":[{"href":"https:\/\/support.superar.eu\/hu\/wp-json\/wp\/v2\/media?parent=48"}],"wp:term":[{"taxonomy":"product_cat","embeddable":true,"href":"https:\/\/support.superar.eu\/hu\/wp-json\/wp\/v2\/product_cat?post=48"},{"taxonomy":"product_tag","embeddable":true,"href":"https:\/\/support.superar.eu\/hu\/wp-json\/wp\/v2\/product_tag?post=48"}],"curies":[{"name":"wp","href":"https:\/\/api.w.org\/{rel}","templated":true}]}}