{"id":159,"date":"2021-06-15T15:44:12","date_gmt":"2021-06-15T13:44:12","guid":{"rendered":"https:\/\/support.superar.eu\/hu\/?post_type=product&#038;p=159"},"modified":"2021-06-15T16:03:34","modified_gmt":"2021-06-15T14:03:34","slug":"corporate-partner-2","status":"publish","type":"product","link":"https:\/\/support.superar.eu\/hu\/produkt\/corporate-partner-2\/","title":{"rendered":"V\u00e1llalati t\u00e1rsadalmi felel\u0151ss\u00e9gv\u00e1llal\u00e1s"},"content":{"rendered":"<p>200.000 Ft-tal hozz\u00e1j\u00e1rul a Superar r\u00e9sztvev\u0151inek hossz\u00fat\u00e1v\u00fa t\u00e1mogat\u00e1s\u00e1hoz.\u00a0Ezzel hivatalos CSR partner\u00fcnkk\u00e9 v\u00e1lik.<\/p>\n","protected":false},"excerpt":{"rendered":"<p>200.000 Ft-tal hozz\u00e1j\u00e1rul a Superar r\u00e9sztvev\u0151inek hossz\u00fat\u00e1v\u00fa t\u00e1mogat\u00e1s\u00e1hoz.\u00a0Ezzel hivatalos CSR partner\u00fcnkk\u00e9 v\u00e1lik.<\/p>\n","protected":false},"featured_media":163,"comment_status":"closed","ping_status":"closed","template":"","meta":{"inline_featured_image":false,"site-sidebar-layout":"default","site-content-layout":"default","ast-main-header-display":"","ast-hfb-above-header-display":"","ast-hfb-below-header-display":"","ast-hfb-mobile-header-display":"","site-post-title":"","ast-breadcrumbs-content":"","ast-featured-img":"","footer-sml-layout":"","theme-transparent-header-meta":"default","adv-header-id-meta":"","stick-header-meta":"","header-above-stick-meta":"","header-main-stick-meta":"","header-below-stick-meta":""},"product_cat":[15],"product_tag":[],"_links":{"self":[{"href":"https:\/\/support.superar.eu\/hu\/wp-json\/wp\/v2\/product\/159"}],"collection":[{"href":"https:\/\/support.superar.eu\/hu\/wp-json\/wp\/v2\/product"}],"about":[{"href":"https:\/\/support.superar.eu\/hu\/wp-json\/wp\/v2\/types\/product"}],"replies":[{"embeddable":true,"href":"https:\/\/support.superar.eu\/hu\/wp-json\/wp\/v2\/comments?post=159"}],"wp:featuredmedia":[{"embeddable":true,"href":"https:\/\/support.superar.eu\/hu\/wp-json\/wp\/v2\/media\/163"}],"wp:attachment":[{"href":"https:\/\/support.superar.eu\/hu\/wp-json\/wp\/v2\/media?parent=159"}],"wp:term":[{"taxonomy":"product_cat","embeddable":true,"href":"https:\/\/support.superar.eu\/hu\/wp-json\/wp\/v2\/product_cat?post=159"},{"taxonomy":"product_tag","embeddable":true,"href":"https:\/\/support.superar.eu\/hu\/wp-json\/wp\/v2\/product_tag?post=159"}],"curies":[{"name":"wp","href":"https:\/\/api.w.org\/{rel}","templated":true}]}}